{"id":3322,"date":"2025-05-30T21:38:17","date_gmt":"2025-05-31T00:38:17","guid":{"rendered":"https:\/\/estilla.com.br\/destilaria\/?page_id=3322"},"modified":"2025-10-13T23:53:28","modified_gmt":"2025-10-14T02:53:28","slug":"18-de-outubro-estilla-destilaria","status":"publish","type":"page","link":"https:\/\/estilla.com.br\/destilaria\/18-de-outubro-estilla-destilaria\/","title":{"rendered":"18 de Outubro | Estilla Destilaria"},"content":{"rendered":"\t\t<div data-elementor-type=\"wp-page\" data-elementor-id=\"3322\" class=\"elementor elementor-3322\" data-elementor-post-type=\"page\">\n\t\t\t\t\t\t<section class=\"elementor-section elementor-top-section elementor-element elementor-element-20539226 elementor-hidden-mobile elementor-section-boxed elementor-section-height-default elementor-section-height-default\" data-id=\"20539226\" data-element_type=\"section\" data-settings=\"{&quot;background_background&quot;:&quot;classic&quot;}\">\n\t\t\t\t\t\t<div class=\"elementor-container elementor-column-gap-default\">\n\t\t\t\t\t<div class=\"elementor-column elementor-col-25 elementor-top-column elementor-element elementor-element-7fcc8d21\" data-id=\"7fcc8d21\" data-element_type=\"column\">\n\t\t\t<div class=\"elementor-widget-wrap elementor-element-populated\">\n\t\t\t\t\t\t<div class=\"elementor-element elementor-element-199becbd elementor-widget elementor-widget-image\" data-id=\"199becbd\" data-element_type=\"widget\" data-widget_type=\"image.default\">\n\t\t\t\t<div class=\"elementor-widget-container\">\n\t\t\t\t\t\t\t\t\t\t\t\t\t\t\t<img fetchpriority=\"high\" decoding=\"async\" width=\"800\" height=\"428\" src=\"https:\/\/estilla.com.br\/destilaria\/wp-content\/uploads\/2022\/11\/estilla_destilaria_deck-1024x548.png\" class=\"attachment-large size-large wp-image-109\" alt=\"\" srcset=\"https:\/\/estilla.com.br\/destilaria\/wp-content\/uploads\/2022\/11\/estilla_destilaria_deck-1024x548.png 1024w, https:\/\/estilla.com.br\/destilaria\/wp-content\/uploads\/2022\/11\/estilla_destilaria_deck-300x161.png 300w, https:\/\/estilla.com.br\/destilaria\/wp-content\/uploads\/2022\/11\/estilla_destilaria_deck-768x411.png 768w, https:\/\/estilla.com.br\/destilaria\/wp-content\/uploads\/2022\/11\/estilla_destilaria_deck.png 1080w\" sizes=\"(max-width: 800px) 100vw, 800px\" \/>\t\t\t\t\t\t\t\t\t\t\t\t\t\t\t<\/div>\n\t\t\t\t<\/div>\n\t\t\t\t\t<\/div>\n\t\t<\/div>\n\t\t\t\t<div class=\"elementor-column elementor-col-25 elementor-top-column elementor-element elementor-element-375da7ba\" data-id=\"375da7ba\" data-element_type=\"column\">\n\t\t\t<div class=\"elementor-widget-wrap\">\n\t\t\t\t\t\t\t<\/div>\n\t\t<\/div>\n\t\t\t\t<div class=\"elementor-column elementor-col-25 elementor-top-column elementor-element elementor-element-55303f6f\" data-id=\"55303f6f\" data-element_type=\"column\">\n\t\t\t<div class=\"elementor-widget-wrap\">\n\t\t\t\t\t\t\t<\/div>\n\t\t<\/div>\n\t\t\t\t<div class=\"elementor-column elementor-col-25 elementor-top-column elementor-element elementor-element-353a20b0\" data-id=\"353a20b0\" data-element_type=\"column\">\n\t\t\t<div class=\"elementor-widget-wrap elementor-element-populated\">\n\t\t\t\t\t\t<div class=\"elementor-element elementor-element-197ea13 elementor-widget-mobile__width-auto elementor-fixed elementor-widget elementor-widget-image\" data-id=\"197ea13\" data-element_type=\"widget\" data-settings=\"{&quot;_position&quot;:&quot;fixed&quot;}\" data-widget_type=\"image.default\">\n\t\t\t\t<div class=\"elementor-widget-container\">\n\t\t\t\t\t\t\t\t\t\t\t\t\t\t\t<img decoding=\"async\" width=\"768\" height=\"772\" src=\"https:\/\/estilla.com.br\/destilaria\/wp-content\/uploads\/2022\/11\/whatsapp-logo-1-768x772-1.png\" class=\"attachment-large size-large wp-image-73\" alt=\"\" srcset=\"https:\/\/estilla.com.br\/destilaria\/wp-content\/uploads\/2022\/11\/whatsapp-logo-1-768x772-1.png 768w, https:\/\/estilla.com.br\/destilaria\/wp-content\/uploads\/2022\/11\/whatsapp-logo-1-768x772-1-298x300.png 298w, https:\/\/estilla.com.br\/destilaria\/wp-content\/uploads\/2022\/11\/whatsapp-logo-1-768x772-1-150x150.png 150w\" sizes=\"(max-width: 768px) 100vw, 768px\" \/>\t\t\t\t\t\t\t\t\t\t\t\t\t\t\t<\/div>\n\t\t\t\t<\/div>\n\t\t\t\t\t<\/div>\n\t\t<\/div>\n\t\t\t\t\t<\/div>\n\t\t<\/section>\n\t\t\t\t<section class=\"elementor-section elementor-top-section elementor-element elementor-element-276654ab elementor-hidden-desktop elementor-hidden-tablet elementor-section-boxed elementor-section-height-default elementor-section-height-default\" data-id=\"276654ab\" data-element_type=\"section\" data-settings=\"{&quot;background_background&quot;:&quot;classic&quot;}\">\n\t\t\t\t\t\t<div class=\"elementor-container elementor-column-gap-default\">\n\t\t\t\t\t<div class=\"elementor-column elementor-col-33 elementor-top-column elementor-element elementor-element-57a3bc78\" data-id=\"57a3bc78\" data-element_type=\"column\">\n\t\t\t<div class=\"elementor-widget-wrap\">\n\t\t\t\t\t\t\t<\/div>\n\t\t<\/div>\n\t\t\t\t<div class=\"elementor-column elementor-col-33 elementor-top-column elementor-element elementor-element-57222378\" data-id=\"57222378\" data-element_type=\"column\">\n\t\t\t<div class=\"elementor-widget-wrap elementor-element-populated\">\n\t\t\t\t\t\t<div class=\"elementor-element elementor-element-351ac7b elementor-widget elementor-widget-image\" data-id=\"351ac7b\" data-element_type=\"widget\" data-widget_type=\"image.default\">\n\t\t\t\t<div class=\"elementor-widget-container\">\n\t\t\t\t\t\t\t\t\t\t\t\t\t\t\t<img fetchpriority=\"high\" decoding=\"async\" width=\"800\" height=\"428\" src=\"https:\/\/estilla.com.br\/destilaria\/wp-content\/uploads\/2022\/11\/estilla_destilaria_deck-1024x548.png\" class=\"attachment-large size-large wp-image-109\" alt=\"\" srcset=\"https:\/\/estilla.com.br\/destilaria\/wp-content\/uploads\/2022\/11\/estilla_destilaria_deck-1024x548.png 1024w, https:\/\/estilla.com.br\/destilaria\/wp-content\/uploads\/2022\/11\/estilla_destilaria_deck-300x161.png 300w, https:\/\/estilla.com.br\/destilaria\/wp-content\/uploads\/2022\/11\/estilla_destilaria_deck-768x411.png 768w, https:\/\/estilla.com.br\/destilaria\/wp-content\/uploads\/2022\/11\/estilla_destilaria_deck.png 1080w\" sizes=\"(max-width: 800px) 100vw, 800px\" \/>\t\t\t\t\t\t\t\t\t\t\t\t\t\t\t<\/div>\n\t\t\t\t<\/div>\n\t\t\t\t\t<\/div>\n\t\t<\/div>\n\t\t\t\t<div class=\"elementor-column elementor-col-33 elementor-top-column elementor-element elementor-element-354d2dfc\" data-id=\"354d2dfc\" data-element_type=\"column\">\n\t\t\t<div class=\"elementor-widget-wrap\">\n\t\t\t\t\t\t\t<\/div>\n\t\t<\/div>\n\t\t\t\t\t<\/div>\n\t\t<\/section>\n\t\t\t\t<section class=\"elementor-section elementor-top-section elementor-element elementor-element-438dbd6c elementor-section-height-min-height elementor-section-boxed elementor-section-height-default elementor-section-items-middle\" data-id=\"438dbd6c\" data-element_type=\"section\" data-settings=\"{&quot;background_background&quot;:&quot;classic&quot;}\">\n\t\t\t\t\t\t\t<div class=\"elementor-background-overlay\"><\/div>\n\t\t\t\t\t\t\t<div class=\"elementor-container elementor-column-gap-default\">\n\t\t\t\t\t<div class=\"elementor-column elementor-col-100 elementor-top-column elementor-element elementor-element-7316647d\" data-id=\"7316647d\" data-element_type=\"column\">\n\t\t\t<div class=\"elementor-widget-wrap elementor-element-populated\">\n\t\t\t\t\t\t<div class=\"elementor-element elementor-element-1d87bb07 elementor-widget elementor-widget-heading\" data-id=\"1d87bb07\" data-element_type=\"widget\" data-widget_type=\"heading.default\">\n\t\t\t\t<div class=\"elementor-widget-container\">\n\t\t\t\t\t<h2 class=\"elementor-heading-title elementor-size-default\">10 de Agosto - Sertanejo <\/h2>\t\t\t\t<\/div>\n\t\t\t\t<\/div>\n\t\t\t\t<div class=\"elementor-element elementor-element-1a4f8c2 elementor-widget elementor-widget-image\" data-id=\"1a4f8c2\" data-element_type=\"widget\" data-widget_type=\"image.default\">\n\t\t\t\t<div class=\"elementor-widget-container\">\n\t\t\t\t\t\t\t\t\t\t\t\t\t\t\t<img decoding=\"async\" width=\"480\" height=\"270\" src=\"https:\/\/estilla.com.br\/destilaria\/wp-content\/uploads\/2025\/07\/estilamusic2-1.png\" class=\"attachment-large size-large wp-image-3450\" alt=\"\" srcset=\"https:\/\/estilla.com.br\/destilaria\/wp-content\/uploads\/2025\/07\/estilamusic2-1.png 480w, https:\/\/estilla.com.br\/destilaria\/wp-content\/uploads\/2025\/07\/estilamusic2-1-300x169.png 300w\" sizes=\"(max-width: 480px) 100vw, 480px\" \/>\t\t\t\t\t\t\t\t\t\t\t\t\t\t\t<\/div>\n\t\t\t\t<\/div>\n\t\t\t\t<div class=\"elementor-element elementor-element-58309381 elementor-align-center elementor-widget elementor-widget-button\" data-id=\"58309381\" data-element_type=\"widget\" data-widget_type=\"button.default\">\n\t\t\t\t<div class=\"elementor-widget-container\">\n\t\t\t\t\t\t\t\t\t<div class=\"elementor-button-wrapper\">\n\t\t\t\t\t<a class=\"elementor-button elementor-button-link elementor-size-sm\" href=\"https:\/\/api.whatsapp.com\/send?|=pt_BR&#038;phone=5511993572756&#038;text=Oi,%20estou%20interessado%20na%20Reserva\">\n\t\t\t\t\t\t<span class=\"elementor-button-content-wrapper\">\n\t\t\t\t\t\t\t\t\t<span class=\"elementor-button-text\">RESERVAR POR WHATSAPP<\/span>\n\t\t\t\t\t<\/span>\n\t\t\t\t\t<\/a>\n\t\t\t\t<\/div>\n\t\t\t\t\t\t\t\t<\/div>\n\t\t\t\t<\/div>\n\t\t\t\t\t<\/div>\n\t\t<\/div>\n\t\t\t\t\t<\/div>\n\t\t<\/section>\n\t\t\t\t<section class=\"elementor-section elementor-top-section elementor-element elementor-element-701b792 elementor-section-height-min-height elementor-section-boxed elementor-section-height-default elementor-section-items-middle\" data-id=\"701b792\" data-element_type=\"section\" data-settings=\"{&quot;background_background&quot;:&quot;classic&quot;}\">\n\t\t\t\t\t\t<div class=\"elementor-container elementor-column-gap-default\">\n\t\t\t\t\t<div class=\"elementor-column elementor-col-100 elementor-top-column elementor-element elementor-element-2f66c635\" data-id=\"2f66c635\" data-element_type=\"column\">\n\t\t\t<div class=\"elementor-widget-wrap elementor-element-populated\">\n\t\t\t\t\t\t<div class=\"elementor-element elementor-element-20fe8262 elementor-widget elementor-widget-text-editor\" data-id=\"20fe8262\" data-element_type=\"widget\" data-widget_type=\"text-editor.default\">\n\t\t\t\t<div class=\"elementor-widget-container\">\n\t\t\t\t\t\t\t\t\t<h5><img decoding=\"async\" class=\"emoji\" role=\"img\" draggable=\"false\" src=\"https:\/\/s.w.org\/images\/core\/emoji\/14.0.0\/svg\/1f3a4.svg\" alt=\"\ud83c\udfa4\" \/><strong> Atra\u00e7\u00f5es: <span data-sheets-root=\"1\">Paula Nunes <\/span><\/strong><\/h5><h5><strong>Hor\u00e1rio: <span data-sheets-root=\"1\">13h00 &#8211; 17h00 &#8211; Domingo <\/span><\/strong><\/h5><h4><img decoding=\"async\" class=\"emoji\" role=\"img\" draggable=\"false\" src=\"https:\/\/s.w.org\/images\/core\/emoji\/15.0.3\/svg\/1f379.svg\" alt=\"\ud83c\udf79\" \/> <strong>Happy Hour<\/strong> das 12h \u00e0s 14h<\/h4><p><span data-sheets-root=\"1\">Na compra de 3 chopps ganhe um chopp de 500ml de cortesia<\/span><\/p><h4><b><span class=\"fe5nidar khvhiq1o r5qsrrlp i5tg98hk f9ovudaz przvwfww gx1rr48f gfz4du6o r7fjleex nz2484kf svot0ezm dcnh1tix sxl192xd t3g6t33p\"><span class=\"mpj7bzys xzlurrtv\"><img decoding=\"async\" class=\"emoji\" role=\"img\" draggable=\"false\" src=\"https:\/\/s.w.org\/images\/core\/emoji\/14.0.0\/svg\/1f381.svg\" alt=\"\ud83c\udf81\" \/> <\/span><\/span>Aniversariantes da Semana<\/b><\/h4><p><span style=\"font-weight: 400;\">Temos excelentes condi\u00e7\u00f5es para os aniversariantes do m\u00eas.<\/span><\/p><p><span class=\"fe5nidar khvhiq1o r5qsrrlp i5tg98hk f9ovudaz przvwfww gx1rr48f gfz4du6o r7fjleex nz2484kf svot0ezm dcnh1tix sxl192xd t3g6t33p\"><span class=\"mpj7bzys xzlurrtv\"><img decoding=\"async\" class=\"emoji\" role=\"img\" draggable=\"false\" src=\"https:\/\/s.w.org\/images\/core\/emoji\/14.0.0\/svg\/2714.svg\" alt=\"\u2714\ufe0f\" \/> <\/span><\/span><span style=\"font-weight: 400;\">01 Mesa Reservada<\/span><\/p><p><span class=\"fe5nidar khvhiq1o r5qsrrlp i5tg98hk f9ovudaz przvwfww gx1rr48f gfz4du6o r7fjleex nz2484kf svot0ezm dcnh1tix sxl192xd t3g6t33p\"><span class=\"mpj7bzys xzlurrtv\"><img decoding=\"async\" class=\"emoji\" role=\"img\" draggable=\"false\" src=\"https:\/\/s.w.org\/images\/core\/emoji\/14.0.0\/svg\/2714.svg\" alt=\"\u2714\ufe0f\" \/>Link para lista exclusiva de convidados<\/span><\/span><\/p><p><span class=\"fe5nidar khvhiq1o r5qsrrlp i5tg98hk f9ovudaz przvwfww gx1rr48f gfz4du6o r7fjleex nz2484kf svot0ezm dcnh1tix sxl192xd t3g6t33p\"><span class=\"mpj7bzys xzlurrtv\"><img decoding=\"async\" class=\"emoji\" role=\"img\" draggable=\"false\" src=\"https:\/\/s.w.org\/images\/core\/emoji\/14.0.0\/svg\/2714.svg\" alt=\"\u2714\ufe0f\" \/> <\/span><\/span><span class=\"fe5nidar khvhiq1o r5qsrrlp i5tg98hk f9ovudaz przvwfww gx1rr48f gfz4du6o r7fjleex nz2484kf svot0ezm dcnh1tix sxl192xd t3g6t33p\"><span class=\"mpj7bzys xzlurrtv\">Flyer de anivers\u00e1rio<\/span><\/span><\/p><p><span class=\"fe5nidar khvhiq1o r5qsrrlp i5tg98hk f9ovudaz przvwfww gx1rr48f gfz4du6o r7fjleex nz2484kf svot0ezm dcnh1tix sxl192xd t3g6t33p\"><span class=\"mpj7bzys xzlurrtv\"><img decoding=\"async\" class=\"emoji\" role=\"img\" draggable=\"false\" src=\"https:\/\/s.w.org\/images\/core\/emoji\/14.0.0\/svg\/2714.svg\" alt=\"\u2714\ufe0f\" \/><\/span><\/span><span style=\"font-weight: 400;\">Tardezinha no deck bar com m\u00fasica ao vivo<\/span><\/p><p><span style=\"font-weight: 400;\">+ OUTROS B\u00d4NUS<\/span><\/p><p><span class=\"fe5nidar khvhiq1o r5qsrrlp i5tg98hk f9ovudaz przvwfww gx1rr48f gfz4du6o r7fjleex nz2484kf svot0ezm dcnh1tix sxl192xd t3g6t33p\"><span class=\"mpj7bzys xzlurrtv\"><img decoding=\"async\" class=\"emoji\" role=\"img\" draggable=\"false\" src=\"https:\/\/s.w.org\/images\/core\/emoji\/14.0.0\/svg\/2714.svg\" alt=\"\u2714\ufe0f\" \/><\/span><\/span><span style=\"font-weight: 400;\"> Trazendo 4 amigos ganha um drink Red Barry exclusivo da casa.<\/span><\/p><p><span class=\"fe5nidar khvhiq1o r5qsrrlp i5tg98hk f9ovudaz przvwfww gx1rr48f gfz4du6o r7fjleex nz2484kf svot0ezm dcnh1tix sxl192xd t3g6t33p\"><span class=\"mpj7bzys xzlurrtv\"><img decoding=\"async\" class=\"emoji\" role=\"img\" draggable=\"false\" src=\"https:\/\/s.w.org\/images\/core\/emoji\/14.0.0\/svg\/2714.svg\" alt=\"\u2714\ufe0f\" \/><\/span><\/span><span style=\"font-weight: 400;\">Trazendo 10 pessoas, a celebra\u00e7\u00e3o fica completa com um Baldinho de Gin T\u00f4nica e um bal\u00e3o de anivers\u00e1rio!<\/span><\/p><p>*\u00c9 necess\u00e1ria a consuma\u00e7\u00e3o m\u00ednima de R$ 30,00 na mesa do aniversariante para valida\u00e7\u00e3o das comandas.<\/p><h4>Observa\u00e7\u00f5es:<\/h4><p>Entrada livre<br \/>Hor\u00e1rio de funcionamento da casa das 09h \u00e0s 18h<\/p><p><strong><span class=\"fe5nidar khvhiq1o r5qsrrlp i5tg98hk f9ovudaz przvwfww gx1rr48f gfz4du6o r7fjleex nz2484kf svot0ezm dcnh1tix sxl192xd t3g6t33p\"><span class=\"mpj7bzys xzlurrtv\"><img decoding=\"async\" class=\"emoji\" role=\"img\" draggable=\"false\" src=\"https:\/\/s.w.org\/images\/core\/emoji\/14.0.0\/svg\/2714.svg\" alt=\"\u2714\ufe0f\" \/><\/span><\/span> <\/strong><strong>Informa<\/strong><strong>\u00e7\u00f5<\/strong><strong>es Gerais<\/strong><\/p><p>&#8211; Acomoda\u00e7\u00e3o e escolha do lugar por ordem de chegada.<br \/>Chegue cedo, escolha o local da sua prefer\u00eancia e aproveite nossa tardezinha.\u00a0<br \/>-Menores de idade apenas acompanhados dos pais ou respons\u00e1vel legal;<\/p><h6><span class=\"fe5nidar khvhiq1o r5qsrrlp i5tg98hk f9ovudaz przvwfww gx1rr48f gfz4du6o r7fjleex nz2484kf svot0ezm dcnh1tix sxl192xd t3g6t33p\"><span class=\"mpj7bzys xzlurrtv\"><img decoding=\"async\" class=\"emoji\" role=\"img\" draggable=\"false\" src=\"https:\/\/s.w.org\/images\/core\/emoji\/14.0.0\/svg\/2714.svg\" alt=\"\u2714\ufe0f\" \/><\/span><\/span> Avisos Importantes<\/h6><p>&#8211; Os cancelamentos de reservas podem ser solicitados at\u00e9 24hrs antes do evento e apenas pelo titular da reserva.<\/p><p><img decoding=\"async\" class=\"emoji\" role=\"img\" draggable=\"false\" src=\"https:\/\/s.w.org\/images\/core\/emoji\/14.0.0\/svg\/1f4de.svg\" alt=\"\ud83d\udcde\" \/> Whatsapp (11) 99357-2756<\/p><p><img decoding=\"async\" class=\"emoji\" role=\"img\" draggable=\"false\" src=\"https:\/\/s.w.org\/images\/core\/emoji\/14.0.0\/svg\/1f4cd.svg\" alt=\"\ud83d\udccd\" \/> Endere\u00e7o: Estr. do Vinho (Spv-077), Km 4 &#8211; Sorocamirim, S\u00e3o Roque &#8211; SP, 18145-00215<\/p>\t\t\t\t\t\t\t\t<\/div>\n\t\t\t\t<\/div>\n\t\t\t\t\t<\/div>\n\t\t<\/div>\n\t\t\t\t\t<\/div>\n\t\t<\/section>\n\t\t\t\t<\/div>\n\t\t","protected":false},"excerpt":{"rendered":"<p>10 de Agosto &#8211; Sertanejo RESERVAR POR WHATSAPP Atra\u00e7\u00f5es: Paula Nunes Hor\u00e1rio: 13h00 &#8211; 17h00 &#8211; Domingo Happy Hour das 12h \u00e0s 14h Na compra de 3 chopps ganhe um chopp de 500ml de cortesia Aniversariantes da Semana Temos excelentes condi\u00e7\u00f5es para os aniversariantes do m\u00eas. 01 Mesa Reservada Link para lista exclusiva de convidados [&hellip;]<\/p>\n","protected":false},"author":1,"featured_media":0,"parent":0,"menu_order":0,"comment_status":"closed","ping_status":"closed","template":"elementor_canvas","meta":{"footnotes":""},"folder":[5],"class_list":["post-3322","page","type-page","status-publish","hentry"],"_links":{"self":[{"href":"https:\/\/estilla.com.br\/destilaria\/wp-json\/wp\/v2\/pages\/3322","targetHints":{"allow":["GET"]}}],"collection":[{"href":"https:\/\/estilla.com.br\/destilaria\/wp-json\/wp\/v2\/pages"}],"about":[{"href":"https:\/\/estilla.com.br\/destilaria\/wp-json\/wp\/v2\/types\/page"}],"author":[{"embeddable":true,"href":"https:\/\/estilla.com.br\/destilaria\/wp-json\/wp\/v2\/users\/1"}],"replies":[{"embeddable":true,"href":"https:\/\/estilla.com.br\/destilaria\/wp-json\/wp\/v2\/comments?post=3322"}],"version-history":[{"count":11,"href":"https:\/\/estilla.com.br\/destilaria\/wp-json\/wp\/v2\/pages\/3322\/revisions"}],"predecessor-version":[{"id":3556,"href":"https:\/\/estilla.com.br\/destilaria\/wp-json\/wp\/v2\/pages\/3322\/revisions\/3556"}],"wp:attachment":[{"href":"https:\/\/estilla.com.br\/destilaria\/wp-json\/wp\/v2\/media?parent=3322"}],"wp:term":[{"taxonomy":"folder","embeddable":true,"href":"https:\/\/estilla.com.br\/destilaria\/wp-json\/wp\/v2\/folder?post=3322"}],"curies":[{"name":"wp","href":"https:\/\/api.w.org\/{rel}","templated":true}]}}